{"id":123,"date":"2009-03-02T01:16:19","date_gmt":"2009-03-02T00:16:19","guid":{"rendered":"http:\/\/abc-gefahren.de\/blog\/?page_id=123"},"modified":"2014-02-16T23:10:56","modified_gmt":"2014-02-16T22:10:56","slug":"haftungsauschluss-disclaimer","status":"publish","type":"page","link":"https:\/\/www.abc-gefahren.de\/blog\/haftungsauschluss-disclaimer\/","title":{"rendered":"Haftungsauschluss-Disclaimer"},"content":{"rendered":"<p><strong>1. Haftungsbeschr\u00e4nkung<\/strong><br \/>\nDie Inhalte dieser Website werden mit gr\u00f6\u00dftm\u00f6glicher Sorgfalt erstellt. Der Anbieter \u00fcbernimmt jedoch keine Gew\u00e4hr f\u00fcr die Richtigkeit, Vollst\u00e4ndigkeit und Aktualit\u00e4t der bereitgestellten Inhalte. Die Nutzung der Inhalte der Website erfolgt auf eigene Gefahr des Nutzers. Namentlich gekennzeichnete Beitr\u00e4ge geben die Meinung des jeweiligen Autors und nicht immer die Meinung des Anbieters wieder. Mit der reinen Nutzung der Website des Anbieters kommt keinerlei Vertragsverh\u00e4ltnis zwischen dem Nutzer und dem Anbieter zustande.<\/p>\n<p><strong>2. Externe Links<\/strong><br \/>\nDiese Website enth\u00e4lt Verkn\u00fcpfungen zu Websites Dritter (&#8222;externe Links&#8220;). Diese Websites unterliegen der Haftung der jeweiligen Betreiber. Der Anbieter hat bei der erstmaligen Verkn\u00fcpfung der externen Links die fremden Inhalte daraufhin \u00fcberpr\u00fcft, ob etwaige Rechtsverst\u00f6\u00dfe bestehen. Zu dem Zeitpunkt waren keine Rechtsverst\u00f6\u00dfe ersichtlich. Der Anbieter hat keinerlei Einfluss auf die aktuelle und zuk\u00fcnftige Gestaltung und auf die Inhalte der verkn\u00fcpften Seiten. Das Setzen von externen Links bedeutet nicht, dass sich der Anbieter die hinter dem Verweis oder Link liegenden Inhalte zu Eigen macht. Eine st\u00e4ndige Kontrolle der externen Links ist f\u00fcr den Anbieter ohne konkrete Hinweise auf Rechtsverst\u00f6\u00dfe nicht zumutbar. Bei Kenntnis von Rechtsverst\u00f6\u00dfen werden jedoch derartige externe Links unverz\u00fcglich gel\u00f6scht.<\/p>\n<p><strong>3. Urheber- und Leistungsschutzrechte<\/strong><br \/>\nDie auf dieser Website ver\u00f6ffentlichten Inhalte unterliegen dem deutschen Urheber- und Leistungsschutzrecht. Jede vom deutschen Urheber- und Leistungsschutzrecht nicht zugelassene Verwertung bedarf der vorherigen schriftlichen Zustimmung des Anbieters oder jeweiligen Rechteinhabers. Dies gilt insbesondere f\u00fcr Vervielf\u00e4ltigung, Bearbeitung, \u00dcbersetzung, Einspeicherung, Verarbeitung bzw. Wiedergabe von Inhalten in Datenbanken oder anderen elektronischen Medien und Systemen. Inhalte und Rechte Dritter sind dabei als solche gekennzeichnet. Die unerlaubte Vervielf\u00e4ltigung oder Weitergabe einzelner Inhalte oder kompletter Seiten ist nicht gestattet und strafbar. Lediglich die Herstellung von Kopien und Downloads f\u00fcr den pers\u00f6nlichen, privaten und nicht kommerziellen Gebrauch ist erlaubt.<\/p>\n<p>Die Darstellung dieser Website in fremden Frames ist nur mit schriftlicher Erlaubnis zul\u00e4ssig.<\/p>\n<p><strong>4. Datenschutz<\/strong><br \/>\nDurch den Besuch der Website des Anbieters k\u00f6nnen Informationen \u00fcber den Zugriff (Datum, Uhrzeit, betrachtete Seite) gespeichert werden. Diese Daten geh\u00f6ren nicht zu den personenbezogenen Daten, sondern sind anonymisiert. Sie werden ausschlie\u00dflich zu statistischen Zwecken ausgewertet. Eine Weitergabe an Dritte, zu kommerziellen oder nichtkommerziellen Zwecken, findet nicht statt.<\/p>\n<p>Der Anbieter weist ausdr\u00fccklich darauf hin, dass die Daten\u00fcbertragung im Internet (z.B. bei der Kommunikation per E-Mail) Sicherheitsl\u00fccken aufweisen und nicht l\u00fcckenlos vor dem Zugriff durch Dritte gesch\u00fctzt werden kann.<\/p>\n<p>Die Verwendung der Kontaktdaten des Impressums zur gewerblichen Werbung ist ausdr\u00fccklich nicht erw\u00fcnscht, es sei denn der Anbieter hatte zuvor seine schriftliche Einwilligung erteilt oder es besteht bereits eine Gesch\u00e4ftsbeziehung. Der Anbieter und alle auf dieser Website genannten Personen widersprechen hiermit jeder kommerziellen Verwendung und Weitergabe ihrer Daten.<\/p>\n<p><strong>5. Besondere Nutzungsbedingungen<\/strong><br \/>\nSoweit besondere Bedingungen f\u00fcr einzelne Nutzungen dieser Website von den vorgenannten Nummern 1. bis 4. abweichen, wird an entsprechender Stelle ausdr\u00fccklich darauf hingewiesen. In diesem Falle gelten im jeweiligen Einzelfall die besonderen Nutzungsbedingungen.<\/p>\n<p><strong>6. <\/strong><strong>Darstellung von PLAYMOBIL\u00ae-Figuren<\/strong><\/p>\n<p>Diese Webseite ist nicht im Besitz von, betrieben, unterst\u00fctzt oder authorisiert durch geobra Brandst\u00e4tter GmbH &amp; Co.KG. geobra Brandst\u00e4tter GmbH &amp; Co.KG hat diese Website oder die darin enthaltenen Informationen und Links nicht genehmigt und \u00fcbernimmt daf\u00fcr keine Verantwortung; gew\u00e4hrt keine ausdr\u00fcckliche oder angedeutete Garantie f\u00fcr die Informationen oder Links auf dieser Website oder anderen, mit ihr durch Links verbundenen Websites; und ist nicht durch Erkl\u00e4rungen gebunden, die auf dieser Website oder von denjenigen gemacht werden, die diese Website anbieten. Die Warenzeichen PLAYMOBIL\u00ae, PLAYMOBIL\u00ae SYSTEM X, PLAYMOBIL\u00ae RC TRAIN und PLAYMOBIL\u00ae FUNPARK sowie die durch Copyright gesch\u00fctzten Abbildungen von PLAYMOBIL\u00ae-Produkten sind ausschlie\u00dfliches und exklusives Eigentum der geobra Brandst\u00e4tter GmbH &amp; Co. KG, die sich alle Rechte daraus vorbeh\u00e4lt.<\/p>\n<p><strong>7. Amazon Partnerprogramm<\/strong><strong><\/strong><\/p>\n<p>ABC-Gefahren.de ist Teilnehmer des Partnerprogramms von Amazon Europe S.\u00e0 r.l. und Partner des Werbeprogramms, das zur Bereitstellung eines Mediums f\u00fcr Websites konzipiert wurde, mittels dessen durch die Platzierung von Werbeanzeigen und Links zu Amazon.de Werbekostenerstattung verdient werden kann.<\/p>\n<p>Quelle f\u00fcr eine Teil des Disclaimer: <a title=\"Recht-Portal mit Anwaltssuche\" href=\"http:\/\/www.juraforum.de\/\">JuraForum.de<\/a> &amp; <a title=\"Fragen und Antworten\" href=\"http:\/\/www.bista.de\/\">bista.de<\/a> &#8211; <a title=\"Disclaimer\" href=\"http:\/\/www.juraforum.de\/disclaimer_muster\/\">Disclaimer<\/a>, <a title=\"Gerichtsurteile\" href=\"http:\/\/www.juraforum.de\/urteile\/\">Urteile<\/a>, <a title=\"Gesetze\" href=\"http:\/\/www.juraforum.de\/gesetze\/\">Gesetze<\/a>, <a title=\"Rechtanwalt\" href=\"http:\/\/www.experten-branchenbuch.de\/\">Rechtsanw\u00e4lte<\/a> &amp; <a title=\"\u00dcbersetzer und Dolmetscher - Suche\" href=\"http:\/\/www.experten-branchenbuch.de\/dolmetscher-uebersetzer\/\">\u00dcbersetzer<\/a> | <a title=\"Webhosting\" href=\"http:\/\/www.ds-webhosting.de\/\">Webhosting<\/a><\/p>\n","protected":false},"excerpt":{"rendered":"<p>1. Haftungsbeschr\u00e4nkung Die Inhalte dieser Website werden mit gr\u00f6\u00dftm\u00f6glicher Sorgfalt erstellt. Der Anbieter \u00fcbernimmt jedoch keine Gew\u00e4hr f\u00fcr die Richtigkeit, Vollst\u00e4ndigkeit und Aktualit\u00e4t der bereitgestellten Inhalte. Die Nutzung der Inhalte der Website erfolgt auf eigene Gefahr des Nutzers. Namentlich gekennzeichnete Beitr\u00e4ge geben die Meinung des jeweiligen Autors und nicht immer &hellip;<\/p>\n","protected":false},"author":11,"featured_media":0,"parent":0,"menu_order":0,"comment_status":"closed","ping_status":"closed","template":"","meta":{"footnotes":""},"class_list":["post-123","page","type-page","status-publish","hentry"],"yoast_head":"<!-- This site is optimized with the Yoast SEO plugin v27.6 - https:\/\/yoast.com\/product\/yoast-seo-wordpress\/ -->\n<title>Haftungsauschluss-Disclaimer - ABC-Gefahren - Blog<\/title>\n<meta name=\"robots\" content=\"index, follow, max-snippet:-1, max-image-preview:large, max-video-preview:-1\" \/>\n<link rel=\"canonical\" href=\"https:\/\/www.abc-gefahren.de\/blog\/haftungsauschluss-disclaimer\/\" \/>\n<meta property=\"og:locale\" content=\"de_DE\" \/>\n<meta property=\"og:type\" content=\"article\" \/>\n<meta property=\"og:title\" content=\"Haftungsauschluss-Disclaimer - ABC-Gefahren - Blog\" \/>\n<meta property=\"og:description\" content=\"1. Haftungsbeschr\u00e4nkung Die Inhalte dieser Website werden mit gr\u00f6\u00dftm\u00f6glicher Sorgfalt erstellt. Der Anbieter \u00fcbernimmt jedoch keine Gew\u00e4hr f\u00fcr die Richtigkeit, Vollst\u00e4ndigkeit und Aktualit\u00e4t der bereitgestellten Inhalte. Die Nutzung der Inhalte der Website erfolgt auf eigene Gefahr des Nutzers. Namentlich gekennzeichnete Beitr\u00e4ge geben die Meinung des jeweiligen Autors und nicht immer &hellip;\" \/>\n<meta property=\"og:url\" content=\"https:\/\/www.abc-gefahren.de\/blog\/haftungsauschluss-disclaimer\/\" \/>\n<meta property=\"og:site_name\" content=\"ABC-Gefahren - Blog\" \/>\n<meta property=\"article:publisher\" content=\"https:\/\/www.facebook.com\/ABCGefahren\/\" \/>\n<meta property=\"article:modified_time\" content=\"2014-02-16T22:10:56+00:00\" \/>\n<meta name=\"twitter:card\" content=\"summary_large_image\" \/>\n<meta name=\"twitter:site\" content=\"@abcgefahren\" \/>\n<meta name=\"twitter:label1\" content=\"Gesch\u00e4tzte Lesezeit\" \/>\n\t<meta name=\"twitter:data1\" content=\"4\u00a0Minuten\" \/>\n<script type=\"application\/ld+json\" class=\"yoast-schema-graph\">{\"@context\":\"https:\\\/\\\/schema.org\",\"@graph\":[{\"@type\":\"WebPage\",\"@id\":\"https:\\\/\\\/www.abc-gefahren.de\\\/blog\\\/haftungsauschluss-disclaimer\\\/\",\"url\":\"https:\\\/\\\/www.abc-gefahren.de\\\/blog\\\/haftungsauschluss-disclaimer\\\/\",\"name\":\"Haftungsauschluss-Disclaimer - ABC-Gefahren - Blog\",\"isPartOf\":{\"@id\":\"https:\\\/\\\/www.abc-gefahren.de\\\/blog\\\/#website\"},\"datePublished\":\"2009-03-02T00:16:19+00:00\",\"dateModified\":\"2014-02-16T22:10:56+00:00\",\"breadcrumb\":{\"@id\":\"https:\\\/\\\/www.abc-gefahren.de\\\/blog\\\/haftungsauschluss-disclaimer\\\/#breadcrumb\"},\"inLanguage\":\"de\",\"potentialAction\":[{\"@type\":\"ReadAction\",\"target\":[\"https:\\\/\\\/www.abc-gefahren.de\\\/blog\\\/haftungsauschluss-disclaimer\\\/\"]}]},{\"@type\":\"BreadcrumbList\",\"@id\":\"https:\\\/\\\/www.abc-gefahren.de\\\/blog\\\/haftungsauschluss-disclaimer\\\/#breadcrumb\",\"itemListElement\":[{\"@type\":\"ListItem\",\"position\":1,\"name\":\"Startseite\",\"item\":\"https:\\\/\\\/www.abc-gefahren.de\\\/blog\\\/\"},{\"@type\":\"ListItem\",\"position\":2,\"name\":\"Haftungsauschluss-Disclaimer\"}]},{\"@type\":\"WebSite\",\"@id\":\"https:\\\/\\\/www.abc-gefahren.de\\\/blog\\\/#website\",\"url\":\"https:\\\/\\\/www.abc-gefahren.de\\\/blog\\\/\",\"name\":\"ABC-Gefahren - Blog\",\"description\":\"Der Weblog des Portals ABC-Gefahren.de\",\"publisher\":{\"@id\":\"https:\\\/\\\/www.abc-gefahren.de\\\/blog\\\/#organization\"},\"potentialAction\":[{\"@type\":\"SearchAction\",\"target\":{\"@type\":\"EntryPoint\",\"urlTemplate\":\"https:\\\/\\\/www.abc-gefahren.de\\\/blog\\\/?s={search_term_string}\"},\"query-input\":{\"@type\":\"PropertyValueSpecification\",\"valueRequired\":true,\"valueName\":\"search_term_string\"}}],\"inLanguage\":\"de\"},{\"@type\":\"Organization\",\"@id\":\"https:\\\/\\\/www.abc-gefahren.de\\\/blog\\\/#organization\",\"name\":\"ABC-Gefahren\",\"url\":\"https:\\\/\\\/www.abc-gefahren.de\\\/blog\\\/\",\"logo\":{\"@type\":\"ImageObject\",\"inLanguage\":\"de\",\"@id\":\"https:\\\/\\\/www.abc-gefahren.de\\\/blog\\\/#\\\/schema\\\/logo\\\/image\\\/\",\"url\":\"https:\\\/\\\/www.abc-gefahren.de\\\/blog\\\/wp-content\\\/uploads\\\/2015\\\/05\\\/cropped-logo-abcgefahren-2.jpg\",\"contentUrl\":\"https:\\\/\\\/www.abc-gefahren.de\\\/blog\\\/wp-content\\\/uploads\\\/2015\\\/05\\\/cropped-logo-abcgefahren-2.jpg\",\"width\":603,\"height\":602,\"caption\":\"ABC-Gefahren\"},\"image\":{\"@id\":\"https:\\\/\\\/www.abc-gefahren.de\\\/blog\\\/#\\\/schema\\\/logo\\\/image\\\/\"},\"sameAs\":[\"https:\\\/\\\/www.facebook.com\\\/ABCGefahren\\\/\",\"https:\\\/\\\/x.com\\\/abcgefahren\",\"https:\\\/\\\/www.instagram.com\\\/abcgefahren\\\/\",\"https:\\\/\\\/abcgefahren.bsky.social\\\/\",\"https:\\\/\\\/www.threads.net\\\/@abcgefahren\"]}]}<\/script>\n<!-- \/ Yoast SEO plugin. -->","yoast_head_json":{"title":"Haftungsauschluss-Disclaimer - ABC-Gefahren - Blog","robots":{"index":"index","follow":"follow","max-snippet":"max-snippet:-1","max-image-preview":"max-image-preview:large","max-video-preview":"max-video-preview:-1"},"canonical":"https:\/\/www.abc-gefahren.de\/blog\/haftungsauschluss-disclaimer\/","og_locale":"de_DE","og_type":"article","og_title":"Haftungsauschluss-Disclaimer - ABC-Gefahren - Blog","og_description":"1. Haftungsbeschr\u00e4nkung Die Inhalte dieser Website werden mit gr\u00f6\u00dftm\u00f6glicher Sorgfalt erstellt. Der Anbieter \u00fcbernimmt jedoch keine Gew\u00e4hr f\u00fcr die Richtigkeit, Vollst\u00e4ndigkeit und Aktualit\u00e4t der bereitgestellten Inhalte. Die Nutzung der Inhalte der Website erfolgt auf eigene Gefahr des Nutzers. Namentlich gekennzeichnete Beitr\u00e4ge geben die Meinung des jeweiligen Autors und nicht immer &hellip;","og_url":"https:\/\/www.abc-gefahren.de\/blog\/haftungsauschluss-disclaimer\/","og_site_name":"ABC-Gefahren - Blog","article_publisher":"https:\/\/www.facebook.com\/ABCGefahren\/","article_modified_time":"2014-02-16T22:10:56+00:00","twitter_card":"summary_large_image","twitter_site":"@abcgefahren","twitter_misc":{"Gesch\u00e4tzte Lesezeit":"4\u00a0Minuten"},"schema":{"@context":"https:\/\/schema.org","@graph":[{"@type":"WebPage","@id":"https:\/\/www.abc-gefahren.de\/blog\/haftungsauschluss-disclaimer\/","url":"https:\/\/www.abc-gefahren.de\/blog\/haftungsauschluss-disclaimer\/","name":"Haftungsauschluss-Disclaimer - ABC-Gefahren - Blog","isPartOf":{"@id":"https:\/\/www.abc-gefahren.de\/blog\/#website"},"datePublished":"2009-03-02T00:16:19+00:00","dateModified":"2014-02-16T22:10:56+00:00","breadcrumb":{"@id":"https:\/\/www.abc-gefahren.de\/blog\/haftungsauschluss-disclaimer\/#breadcrumb"},"inLanguage":"de","potentialAction":[{"@type":"ReadAction","target":["https:\/\/www.abc-gefahren.de\/blog\/haftungsauschluss-disclaimer\/"]}]},{"@type":"BreadcrumbList","@id":"https:\/\/www.abc-gefahren.de\/blog\/haftungsauschluss-disclaimer\/#breadcrumb","itemListElement":[{"@type":"ListItem","position":1,"name":"Startseite","item":"https:\/\/www.abc-gefahren.de\/blog\/"},{"@type":"ListItem","position":2,"name":"Haftungsauschluss-Disclaimer"}]},{"@type":"WebSite","@id":"https:\/\/www.abc-gefahren.de\/blog\/#website","url":"https:\/\/www.abc-gefahren.de\/blog\/","name":"ABC-Gefahren - Blog","description":"Der Weblog des Portals ABC-Gefahren.de","publisher":{"@id":"https:\/\/www.abc-gefahren.de\/blog\/#organization"},"potentialAction":[{"@type":"SearchAction","target":{"@type":"EntryPoint","urlTemplate":"https:\/\/www.abc-gefahren.de\/blog\/?s={search_term_string}"},"query-input":{"@type":"PropertyValueSpecification","valueRequired":true,"valueName":"search_term_string"}}],"inLanguage":"de"},{"@type":"Organization","@id":"https:\/\/www.abc-gefahren.de\/blog\/#organization","name":"ABC-Gefahren","url":"https:\/\/www.abc-gefahren.de\/blog\/","logo":{"@type":"ImageObject","inLanguage":"de","@id":"https:\/\/www.abc-gefahren.de\/blog\/#\/schema\/logo\/image\/","url":"https:\/\/www.abc-gefahren.de\/blog\/wp-content\/uploads\/2015\/05\/cropped-logo-abcgefahren-2.jpg","contentUrl":"https:\/\/www.abc-gefahren.de\/blog\/wp-content\/uploads\/2015\/05\/cropped-logo-abcgefahren-2.jpg","width":603,"height":602,"caption":"ABC-Gefahren"},"image":{"@id":"https:\/\/www.abc-gefahren.de\/blog\/#\/schema\/logo\/image\/"},"sameAs":["https:\/\/www.facebook.com\/ABCGefahren\/","https:\/\/x.com\/abcgefahren","https:\/\/www.instagram.com\/abcgefahren\/","https:\/\/abcgefahren.bsky.social\/","https:\/\/www.threads.net\/@abcgefahren"]}]}},"jetpack_shortlink":"https:\/\/wp.me\/PrRHX-1Z","jetpack-related-posts":[{"id":3663,"url":"https:\/\/www.abc-gefahren.de\/blog\/datenschutzerklaerung\/","url_meta":{"origin":123,"position":0},"title":"Datenschutzerkl\u00e4rung","author":"Andre Schild","date":"24. Mai 2018","format":false,"excerpt":"Datenschutz Nachfolgend m\u00f6chten wir Sie \u00fcber unsere Datenschutzerkl\u00e4rung informieren. Sie finden hier Informationen \u00fcber die Erhebung und Verwendung pers\u00f6nlicher Daten bei der Nutzung unserer Webseite. Wir beachten dabei das f\u00fcr Deutschland geltende Datenschutzrecht. Sie k\u00f6nnen diese Erkl\u00e4rung jederzeit auf unserer Webseite abrufen. Wir weisen ausdr\u00fccklich darauf hin, dass die Daten\u00fcbertragung\u2026","rel":"","context":"\u00c4hnlicher Beitrag","block_context":{"text":"\u00c4hnlicher Beitrag","link":""},"img":{"alt_text":"","src":"","width":0,"height":0},"classes":[]},{"id":199,"url":"https:\/\/www.abc-gefahren.de\/blog\/ueber\/","url_meta":{"origin":123,"position":1},"title":"\u00dcber den Weblog","author":"Andre Schild","date":"6. M\u00e4rz 2009","format":false,"excerpt":"Dieser Weblog soll das Projekt ABC-Gefahren.de erg\u00e4nzen und mit aktuellen Artikel immer wieder Themen aufwerfen und diskutieren. Au\u00dferdem ist es das Ziel damit die Kommunikation mit den Nutzern zu verbessern. Gerne k\u00f6nnen Anregungen f\u00fcr Artikel uns geschickt werden. Wenn es thematisch pa\u00dft, werde wir dar\u00fcber gerne berichten. Autoren Andre Schild\u2026","rel":"","context":"In &quot;ABC-Gefahren&quot;","block_context":{"text":"ABC-Gefahren","link":"https:\/\/www.abc-gefahren.de\/blog\/category\/abc-gefahren\/"},"img":{"alt_text":"","src":"","width":0,"height":0},"classes":[]}],"jetpack_sharing_enabled":true,"_links":{"self":[{"href":"https:\/\/www.abc-gefahren.de\/blog\/wp-json\/wp\/v2\/pages\/123","targetHints":{"allow":["GET"]}}],"collection":[{"href":"https:\/\/www.abc-gefahren.de\/blog\/wp-json\/wp\/v2\/pages"}],"about":[{"href":"https:\/\/www.abc-gefahren.de\/blog\/wp-json\/wp\/v2\/types\/page"}],"author":[{"embeddable":true,"href":"https:\/\/www.abc-gefahren.de\/blog\/wp-json\/wp\/v2\/users\/11"}],"replies":[{"embeddable":true,"href":"https:\/\/www.abc-gefahren.de\/blog\/wp-json\/wp\/v2\/comments?post=123"}],"version-history":[{"count":0,"href":"https:\/\/www.abc-gefahren.de\/blog\/wp-json\/wp\/v2\/pages\/123\/revisions"}],"wp:attachment":[{"href":"https:\/\/www.abc-gefahren.de\/blog\/wp-json\/wp\/v2\/media?parent=123"}],"curies":[{"name":"wp","href":"https:\/\/api.w.org\/{rel}","templated":true}]}}