{"id":199,"date":"2009-03-06T00:59:41","date_gmt":"2009-03-05T22:59:41","guid":{"rendered":"http:\/\/abc-gefahren.de\/blog\/?page_id=199"},"modified":"2022-04-19T14:03:21","modified_gmt":"2022-04-19T12:03:21","slug":"ueber","status":"publish","type":"page","link":"https:\/\/www.abc-gefahren.de\/blog\/ueber\/","title":{"rendered":"\u00dcber den Weblog"},"content":{"rendered":"<p>Dieser Weblog soll das Projekt ABC-Gefahren.de erg\u00e4nzen und mit aktuellen Artikel immer wieder Themen aufwerfen und diskutieren. Au\u00dferdem ist es das Ziel damit die Kommunikation mit den Nutzern zu verbessern.<\/p>\n<p>Gerne k\u00f6nnen Anregungen f\u00fcr Artikel uns geschickt werden. Wenn es thematisch pa\u00dft, werde wir dar\u00fcber gerne berichten.<\/p>\n<p><strong>Autoren<\/strong><\/p>\n<p><strong>Andre Schild<\/strong> ist Gr\u00fcnder und Betreiber von ABC-Gefahren.de. Das &#8222;j\u00fcngste Kind&#8220;dieses Portales ist dieser Weblog bzw. Blog. Neben Artikel aus dem gesamtem Spektrum der ABC-Gefahren liegt sein Schwerpunkt in der Informationsbeschaffung in ABC-Lagen und der ABC-Auswertung. Sein Ziel den Ausbildungsstand im Bereich der ABC-Gefahren zu verbessern verfolgt er auch hier im Blog.<\/p>\n<p>Twitter: <a href=\"http:\/\/twitter.com\/abcist\" target=\"_blank\" rel=\"noopener\">@abcist<\/a><\/p>\n<p><strong>Markus Held <\/strong>ist Gr\u00fcndungsmitglied des Fachbereichs Gefahrgut der Feuerwehren des Landkreises Amberg-Sulzbach, ABC-Fachberater im Brand- und Katastrophenschutz sowie geistiger Vater aller Ausbildungsunterlagen der landkreisweit einheitlichen Gefahrgutausbildung. Sein Schwerpunkt sind die Ma\u00dfnahmen zur Gefahrenabwehr. Er freut sich, Andre Schild bei seinem Engagement f\u00fcr einen besseren Ausbildungsstand im ABC-Bereich unterst\u00fctzen zu d\u00fcrfen.<\/p>\n<p><strong>Rico Helm<\/strong> ist Zugf\u00fchrer des Gefahrgutzuges, Kreisausbilder &#8222;ABC-Einsatz&#8220; und Einheitsf\u00fchrer &#8222;Messtechnik&#8220; im Landkreis Saale-Orla. Schwerpunkte liegen deshalb besonders in der landkreisweiten Aus- und Fortbildung sowie dem Schwerpunkt &#8222;Messtechnik&#8220; im ABC-Einsatz. Seit einigen Jahren unterst\u00fctzt er das Portal ABC-Gefahren.de mit zur Verf\u00fcgung gestellten Aus- und Fortbildungsunterlagen sowie Einsatzhilfen. Weitere Mitarbeiten erfolgen u.a. im Arbeitskreis &#8222;Gefahrgutz\u00fcge&#8220; des Freistaates Th\u00fcringen. Hierbei bestehen intensive Kontakte zur Landesfeuerwehrschule Th\u00fcringen. Ziele sind die Vereinheitlichung und Verbesserung der ABC-Ausbildung sowie die \u00fcberregionale, auch landkreis- und landes\u00fcbergreifende Zusammenarbeit der Einheiten in der ABC-Gefahrenabwehr. Deshalb freut er sich auf die weitere Unterst\u00fctzung und Zusammenarbeit mit Andr\u00e9 Schild und seinen Autoren hier im Blog.<\/p>\n<p><strong>Jens Christiansen <\/strong>ist Zugf\u00fchrer f\u00fcr das Sachgebiet Gefahrgut bei der FF Bad Nauheim und Kreisausbilder (Atemschutzger\u00e4tetr\u00e4ger und Sprechfunk) im Wetteraukreis sowie designierter Fachberater ABC des KatS-Stabes. Sein Schwerpunktgebiet ist alles rund um das Thema Strahlenschutz. Er freut sich darauf, zusammen mit Andr\u00e9 Schild hier im Blog Fachwissen zusammenzutragen und allen Interessierten zug\u00e4nglich zu machen.<\/p>\n","protected":false},"excerpt":{"rendered":"<p>Dieser Weblog soll das Projekt ABC-Gefahren.de erg\u00e4nzen und mit aktuellen Artikel immer wieder Themen aufwerfen und diskutieren. Au\u00dferdem ist es das Ziel damit die Kommunikation mit den Nutzern zu verbessern. Gerne k\u00f6nnen Anregungen f\u00fcr Artikel uns geschickt werden. Wenn es thematisch pa\u00dft, werde wir dar\u00fcber gerne berichten. Autoren Andre Schild &hellip;<\/p>\n","protected":false},"author":2,"featured_media":0,"parent":0,"menu_order":0,"comment_status":"closed","ping_status":"closed","template":"","meta":{"jetpack_post_was_ever_published":false,"footnotes":""},"class_list":["post-199","page","type-page","status-publish","hentry"],"yoast_head":"<!-- This site is optimized with the Yoast SEO plugin v27.5 - https:\/\/yoast.com\/product\/yoast-seo-wordpress\/ -->\n<title>\u00dcber den Weblog - ABC-Gefahren - Blog<\/title>\n<meta name=\"robots\" content=\"index, follow, max-snippet:-1, max-image-preview:large, max-video-preview:-1\" \/>\n<link rel=\"canonical\" href=\"https:\/\/www.abc-gefahren.de\/blog\/ueber\/\" \/>\n<meta property=\"og:locale\" content=\"de_DE\" \/>\n<meta property=\"og:type\" content=\"article\" \/>\n<meta property=\"og:title\" content=\"\u00dcber den Weblog - ABC-Gefahren - Blog\" \/>\n<meta property=\"og:description\" content=\"Dieser Weblog soll das Projekt ABC-Gefahren.de erg\u00e4nzen und mit aktuellen Artikel immer wieder Themen aufwerfen und diskutieren. Au\u00dferdem ist es das Ziel damit die Kommunikation mit den Nutzern zu verbessern. Gerne k\u00f6nnen Anregungen f\u00fcr Artikel uns geschickt werden. Wenn es thematisch pa\u00dft, werde wir dar\u00fcber gerne berichten. Autoren Andre Schild &hellip;\" \/>\n<meta property=\"og:url\" content=\"https:\/\/www.abc-gefahren.de\/blog\/ueber\/\" \/>\n<meta property=\"og:site_name\" content=\"ABC-Gefahren - Blog\" \/>\n<meta property=\"article:publisher\" content=\"https:\/\/www.facebook.com\/ABCGefahren\/\" \/>\n<meta property=\"article:modified_time\" content=\"2022-04-19T12:03:21+00:00\" \/>\n<meta name=\"twitter:card\" content=\"summary_large_image\" \/>\n<meta name=\"twitter:site\" content=\"@abcgefahren\" \/>\n<meta name=\"twitter:label1\" content=\"Gesch\u00e4tzte Lesezeit\" \/>\n\t<meta name=\"twitter:data1\" content=\"2\u00a0Minuten\" \/>\n<script type=\"application\/ld+json\" class=\"yoast-schema-graph\">{\"@context\":\"https:\\\/\\\/schema.org\",\"@graph\":[{\"@type\":\"WebPage\",\"@id\":\"https:\\\/\\\/www.abc-gefahren.de\\\/blog\\\/ueber\\\/\",\"url\":\"https:\\\/\\\/www.abc-gefahren.de\\\/blog\\\/ueber\\\/\",\"name\":\"\u00dcber den Weblog - ABC-Gefahren - Blog\",\"isPartOf\":{\"@id\":\"https:\\\/\\\/www.abc-gefahren.de\\\/blog\\\/#website\"},\"datePublished\":\"2009-03-05T22:59:41+00:00\",\"dateModified\":\"2022-04-19T12:03:21+00:00\",\"breadcrumb\":{\"@id\":\"https:\\\/\\\/www.abc-gefahren.de\\\/blog\\\/ueber\\\/#breadcrumb\"},\"inLanguage\":\"de\",\"potentialAction\":[{\"@type\":\"ReadAction\",\"target\":[\"https:\\\/\\\/www.abc-gefahren.de\\\/blog\\\/ueber\\\/\"]}]},{\"@type\":\"BreadcrumbList\",\"@id\":\"https:\\\/\\\/www.abc-gefahren.de\\\/blog\\\/ueber\\\/#breadcrumb\",\"itemListElement\":[{\"@type\":\"ListItem\",\"position\":1,\"name\":\"Startseite\",\"item\":\"https:\\\/\\\/www.abc-gefahren.de\\\/blog\\\/\"},{\"@type\":\"ListItem\",\"position\":2,\"name\":\"\u00dcber den Weblog\"}]},{\"@type\":\"WebSite\",\"@id\":\"https:\\\/\\\/www.abc-gefahren.de\\\/blog\\\/#website\",\"url\":\"https:\\\/\\\/www.abc-gefahren.de\\\/blog\\\/\",\"name\":\"ABC-Gefahren - Blog\",\"description\":\"Der Weblog des Portals ABC-Gefahren.de\",\"publisher\":{\"@id\":\"https:\\\/\\\/www.abc-gefahren.de\\\/blog\\\/#organization\"},\"potentialAction\":[{\"@type\":\"SearchAction\",\"target\":{\"@type\":\"EntryPoint\",\"urlTemplate\":\"https:\\\/\\\/www.abc-gefahren.de\\\/blog\\\/?s={search_term_string}\"},\"query-input\":{\"@type\":\"PropertyValueSpecification\",\"valueRequired\":true,\"valueName\":\"search_term_string\"}}],\"inLanguage\":\"de\"},{\"@type\":\"Organization\",\"@id\":\"https:\\\/\\\/www.abc-gefahren.de\\\/blog\\\/#organization\",\"name\":\"ABC-Gefahren\",\"url\":\"https:\\\/\\\/www.abc-gefahren.de\\\/blog\\\/\",\"logo\":{\"@type\":\"ImageObject\",\"inLanguage\":\"de\",\"@id\":\"https:\\\/\\\/www.abc-gefahren.de\\\/blog\\\/#\\\/schema\\\/logo\\\/image\\\/\",\"url\":\"https:\\\/\\\/www.abc-gefahren.de\\\/blog\\\/wp-content\\\/uploads\\\/2015\\\/05\\\/cropped-logo-abcgefahren-2.jpg\",\"contentUrl\":\"https:\\\/\\\/www.abc-gefahren.de\\\/blog\\\/wp-content\\\/uploads\\\/2015\\\/05\\\/cropped-logo-abcgefahren-2.jpg\",\"width\":603,\"height\":602,\"caption\":\"ABC-Gefahren\"},\"image\":{\"@id\":\"https:\\\/\\\/www.abc-gefahren.de\\\/blog\\\/#\\\/schema\\\/logo\\\/image\\\/\"},\"sameAs\":[\"https:\\\/\\\/www.facebook.com\\\/ABCGefahren\\\/\",\"https:\\\/\\\/x.com\\\/abcgefahren\",\"https:\\\/\\\/www.instagram.com\\\/abcgefahren\\\/\",\"https:\\\/\\\/abcgefahren.bsky.social\\\/\",\"https:\\\/\\\/www.threads.net\\\/@abcgefahren\"]}]}<\/script>\n<!-- \/ Yoast SEO plugin. -->","yoast_head_json":{"title":"\u00dcber den Weblog - ABC-Gefahren - Blog","robots":{"index":"index","follow":"follow","max-snippet":"max-snippet:-1","max-image-preview":"max-image-preview:large","max-video-preview":"max-video-preview:-1"},"canonical":"https:\/\/www.abc-gefahren.de\/blog\/ueber\/","og_locale":"de_DE","og_type":"article","og_title":"\u00dcber den Weblog - ABC-Gefahren - Blog","og_description":"Dieser Weblog soll das Projekt ABC-Gefahren.de erg\u00e4nzen und mit aktuellen Artikel immer wieder Themen aufwerfen und diskutieren. Au\u00dferdem ist es das Ziel damit die Kommunikation mit den Nutzern zu verbessern. Gerne k\u00f6nnen Anregungen f\u00fcr Artikel uns geschickt werden. Wenn es thematisch pa\u00dft, werde wir dar\u00fcber gerne berichten. Autoren Andre Schild &hellip;","og_url":"https:\/\/www.abc-gefahren.de\/blog\/ueber\/","og_site_name":"ABC-Gefahren - Blog","article_publisher":"https:\/\/www.facebook.com\/ABCGefahren\/","article_modified_time":"2022-04-19T12:03:21+00:00","twitter_card":"summary_large_image","twitter_site":"@abcgefahren","twitter_misc":{"Gesch\u00e4tzte Lesezeit":"2\u00a0Minuten"},"schema":{"@context":"https:\/\/schema.org","@graph":[{"@type":"WebPage","@id":"https:\/\/www.abc-gefahren.de\/blog\/ueber\/","url":"https:\/\/www.abc-gefahren.de\/blog\/ueber\/","name":"\u00dcber den Weblog - ABC-Gefahren - Blog","isPartOf":{"@id":"https:\/\/www.abc-gefahren.de\/blog\/#website"},"datePublished":"2009-03-05T22:59:41+00:00","dateModified":"2022-04-19T12:03:21+00:00","breadcrumb":{"@id":"https:\/\/www.abc-gefahren.de\/blog\/ueber\/#breadcrumb"},"inLanguage":"de","potentialAction":[{"@type":"ReadAction","target":["https:\/\/www.abc-gefahren.de\/blog\/ueber\/"]}]},{"@type":"BreadcrumbList","@id":"https:\/\/www.abc-gefahren.de\/blog\/ueber\/#breadcrumb","itemListElement":[{"@type":"ListItem","position":1,"name":"Startseite","item":"https:\/\/www.abc-gefahren.de\/blog\/"},{"@type":"ListItem","position":2,"name":"\u00dcber den Weblog"}]},{"@type":"WebSite","@id":"https:\/\/www.abc-gefahren.de\/blog\/#website","url":"https:\/\/www.abc-gefahren.de\/blog\/","name":"ABC-Gefahren - Blog","description":"Der Weblog des Portals ABC-Gefahren.de","publisher":{"@id":"https:\/\/www.abc-gefahren.de\/blog\/#organization"},"potentialAction":[{"@type":"SearchAction","target":{"@type":"EntryPoint","urlTemplate":"https:\/\/www.abc-gefahren.de\/blog\/?s={search_term_string}"},"query-input":{"@type":"PropertyValueSpecification","valueRequired":true,"valueName":"search_term_string"}}],"inLanguage":"de"},{"@type":"Organization","@id":"https:\/\/www.abc-gefahren.de\/blog\/#organization","name":"ABC-Gefahren","url":"https:\/\/www.abc-gefahren.de\/blog\/","logo":{"@type":"ImageObject","inLanguage":"de","@id":"https:\/\/www.abc-gefahren.de\/blog\/#\/schema\/logo\/image\/","url":"https:\/\/www.abc-gefahren.de\/blog\/wp-content\/uploads\/2015\/05\/cropped-logo-abcgefahren-2.jpg","contentUrl":"https:\/\/www.abc-gefahren.de\/blog\/wp-content\/uploads\/2015\/05\/cropped-logo-abcgefahren-2.jpg","width":603,"height":602,"caption":"ABC-Gefahren"},"image":{"@id":"https:\/\/www.abc-gefahren.de\/blog\/#\/schema\/logo\/image\/"},"sameAs":["https:\/\/www.facebook.com\/ABCGefahren\/","https:\/\/x.com\/abcgefahren","https:\/\/www.instagram.com\/abcgefahren\/","https:\/\/abcgefahren.bsky.social\/","https:\/\/www.threads.net\/@abcgefahren"]}]}},"jetpack_shortlink":"https:\/\/wp.me\/PrRHX-3d","jetpack-related-posts":[{"id":123,"url":"https:\/\/www.abc-gefahren.de\/blog\/haftungsauschluss-disclaimer\/","url_meta":{"origin":199,"position":0},"title":"Haftungsauschluss-Disclaimer","author":"Andre Schild","date":"2. M\u00e4rz 2009","format":false,"excerpt":"1. Haftungsbeschr\u00e4nkung Die Inhalte dieser Website werden mit gr\u00f6\u00dftm\u00f6glicher Sorgfalt erstellt. Der Anbieter \u00fcbernimmt jedoch keine Gew\u00e4hr f\u00fcr die Richtigkeit, Vollst\u00e4ndigkeit und Aktualit\u00e4t der bereitgestellten Inhalte. Die Nutzung der Inhalte der Website erfolgt auf eigene Gefahr des Nutzers. Namentlich gekennzeichnete Beitr\u00e4ge geben die Meinung des jeweiligen Autors und nicht immer\u2026","rel":"","context":"In &quot;ABC-Gefahren&quot;","block_context":{"text":"ABC-Gefahren","link":"https:\/\/www.abc-gefahren.de\/blog\/category\/abc-gefahren\/"},"img":{"alt_text":"","src":"","width":0,"height":0},"classes":[]},{"id":3663,"url":"https:\/\/www.abc-gefahren.de\/blog\/datenschutzerklaerung\/","url_meta":{"origin":199,"position":1},"title":"Datenschutzerkl\u00e4rung","author":"Andre Schild","date":"24. Mai 2018","format":false,"excerpt":"Datenschutz Nachfolgend m\u00f6chten wir Sie \u00fcber unsere Datenschutzerkl\u00e4rung informieren. Sie finden hier Informationen \u00fcber die Erhebung und Verwendung pers\u00f6nlicher Daten bei der Nutzung unserer Webseite. Wir beachten dabei das f\u00fcr Deutschland geltende Datenschutzrecht. Sie k\u00f6nnen diese Erkl\u00e4rung jederzeit auf unserer Webseite abrufen. Wir weisen ausdr\u00fccklich darauf hin, dass die Daten\u00fcbertragung\u2026","rel":"","context":"\u00c4hnlicher Beitrag","block_context":{"text":"\u00c4hnlicher Beitrag","link":""},"img":{"alt_text":"","src":"","width":0,"height":0},"classes":[]},{"id":9,"url":"https:\/\/www.abc-gefahren.de\/blog\/impressum\/","url_meta":{"origin":199,"position":2},"title":"Impressum","author":"Andre Schild","date":"16. Februar 2009","format":false,"excerpt":"F\u00fcr diese Seite ist verantwortlich: Andr\u00e9 Schild Woldr\u00fcggen 27, 45307 Essen Tel:\u00a0 +49(201) 4709755 webmaster@abcgefahren.de Sollten hier irgendwelche Rechte verletzt werden, so schreiben sie mich diesbez\u00fcglich bitte an.","rel":"","context":"In &quot;Allgemein&quot;","block_context":{"text":"Allgemein","link":"https:\/\/www.abc-gefahren.de\/blog\/category\/allgemein\/"},"img":{"alt_text":"","src":"","width":0,"height":0},"classes":[]}],"jetpack_sharing_enabled":true,"_links":{"self":[{"href":"https:\/\/www.abc-gefahren.de\/blog\/wp-json\/wp\/v2\/pages\/199","targetHints":{"allow":["GET"]}}],"collection":[{"href":"https:\/\/www.abc-gefahren.de\/blog\/wp-json\/wp\/v2\/pages"}],"about":[{"href":"https:\/\/www.abc-gefahren.de\/blog\/wp-json\/wp\/v2\/types\/page"}],"author":[{"embeddable":true,"href":"https:\/\/www.abc-gefahren.de\/blog\/wp-json\/wp\/v2\/users\/2"}],"replies":[{"embeddable":true,"href":"https:\/\/www.abc-gefahren.de\/blog\/wp-json\/wp\/v2\/comments?post=199"}],"version-history":[{"count":1,"href":"https:\/\/www.abc-gefahren.de\/blog\/wp-json\/wp\/v2\/pages\/199\/revisions"}],"predecessor-version":[{"id":4215,"href":"https:\/\/www.abc-gefahren.de\/blog\/wp-json\/wp\/v2\/pages\/199\/revisions\/4215"}],"wp:attachment":[{"href":"https:\/\/www.abc-gefahren.de\/blog\/wp-json\/wp\/v2\/media?parent=199"}],"curies":[{"name":"wp","href":"https:\/\/api.w.org\/{rel}","templated":true}]}}